{"id":3284,"date":"2023-01-09T13:37:41","date_gmt":"2023-01-09T13:37:41","guid":{"rendered":"https:\/\/cureclcn4.org\/nachrichten\/"},"modified":"2023-01-09T13:37:43","modified_gmt":"2023-01-09T13:37:43","slug":"nachrichten","status":"publish","type":"page","link":"https:\/\/cureclcn4.org\/de\/nachrichten\/","title":{"rendered":"Nachrichten"},"content":{"rendered":"<p>[et_pb_section fb_built=&#8220;1&#8243; admin_label=&#8220;Header&#8220; _builder_version=&#8220;3.22&#8243; background_color=&#8220;#f7f9f9&#8243; background_image=&#8220;https:\/\/cureclcn4.org\/wp-content\/uploads\/2021\/04\/charity-09.png&#8220; parallax=&#8220;on&#8220; collapsed=&#8220;off&#8220; global_colors_info=&#8220;{}&#8220;][et_pb_row column_structure=&#8220;1_2,1_2&#8243; _builder_version=&#8220;3.25&#8243; global_colors_info=&#8220;{}&#8220;][et_pb_column type=&#8220;1_2&#8243; _builder_version=&#8220;3.25&#8243; custom_padding=&#8220;|||&#8220; custom_padding_tablet=&#8220;0px||&#8220; custom_padding_last_edited=&#8220;off|desktop&#8220; global_colors_info=&#8220;{}&#8220; custom_padding__hover=&#8220;|||&#8220;][et_pb_text _builder_version=&#8220;3.27.4&#8243; text_font=&#8220;||||||||&#8220; text_line_height=&#8220;2em&#8220; header_font=&#8220;Faustina|600|||||||&#8220; header_text_color=&#8220;#0e7162&#8243; header_font_size=&#8220;60px&#8220; header_line_height=&#8220;1.3em&#8220; header_font_size_tablet=&#8220;50px&#8220; header_font_size_phone=&#8220;40px&#8220; header_font_size_last_edited=&#8220;on|phone&#8220; global_colors_info=&#8220;{}&#8220;]<\/p>\n<h1>Nachrichten und Updates<\/h1>\n<p>[\/et_pb_text][et_pb_text _builder_version=&#8220;3.27.4&#8243; text_font=&#8220;||||||||&#8220; text_line_height=&#8220;2em&#8220; header_font=&#8220;Faustina||||||||&#8220; header_text_color=&#8220;#0e7162&#8243; header_font_size=&#8220;60px&#8220; header_line_height=&#8220;1.3em&#8220; global_colors_info=&#8220;{}&#8220;]<\/p>\n<p>Melden Sie sich f\u00fcr unseren E-Mail-Newsletter an, um \u00fcber Neuigkeiten und bevorstehende Veranstaltungen im Rahmen unserer Bem\u00fchungen zur Heilung von CLCN4 informiert zu werden.<\/p>\n<p>[\/et_pb_text][\/et_pb_column][et_pb_column type=&#8220;1_2&#8243; _builder_version=&#8220;3.25&#8243; custom_padding=&#8220;|||&#8220; global_colors_info=&#8220;{}&#8220; custom_padding__hover=&#8220;|||&#8220;][et_pb_signup mailchimp_list=&#8220;Cure CLCN4|4b4a672d4e&#8220; name_field=&#8220;on&#8220; success_message=&#8220;Vielen Dank f\u00fcr die Anmeldung!&#8220; _builder_version=&#8220;4.9.4&#8243; form_field_background_color=&#8220;rgba(255,255,255,0.13)&#8220; form_field_text_color=&#8220;#ffffff&#8220; form_field_font=&#8220;||||||||&#8220; background_color=&#8220;#0e7162&#8243; custom_button=&#8220;on&#8220; button_text_size=&#8220;14px&#8220; button_text_color=&#8220;#ffffff&#8220; button_bg_color=&#8220;#26c699&#8243; button_border_width=&#8220;8px&#8220; button_border_color=&#8220;rgba(0,0,0,0)&#8220; button_letter_spacing=&#8220;1px&#8220; button_font=&#8220;|700||on|||||&#8220; global_colors_info=&#8220;{}&#8220;][\/et_pb_signup][\/et_pb_column][\/et_pb_row][\/et_pb_section][et_pb_section fb_built=&#8220;1&#8243; admin_label=&#8220;Blog&#8220; _builder_version=&#8220;3.22&#8243; background_color=&#8220;#f7f9f9&#8243; background_image=&#8220;https:\/\/cureclcn4.org\/wp-content\/uploads\/2020\/08\/charity-22.png&#8220; background_size=&#8220;contain&#8220; background_position=&#8220;bottom_right&#8220; custom_padding=&#8220;0|1px|140px|0px|false|false&#8220; use_custom_width=&#8220;on&#8220; custom_width_px=&#8220;1200px&#8220; custom_width_px__hover=&#8220;1080px&#8220; custom_width_px__hover_enabled=&#8220;1080px&#8220; custom_width_percent__hover=&#8220;80%&#8220; custom_width_percent__hover_enabled=&#8220;80%&#8220; collapsed=&#8220;off&#8220; global_colors_info=&#8220;{}&#8220; gutter_width__hover=&#8220;3&#8243; gutter_width__hover_enabled=&#8220;3&#8243; parallax_1__hover=&#8220;off&#8220; parallax_1__hover_enabled=&#8220;off&#8220; parallax_2__hover=&#8220;off&#8220; parallax_2__hover_enabled=&#8220;off&#8220; parallax_3__hover=&#8220;off&#8220; parallax_3__hover_enabled=&#8220;off&#8220; parallax_method_1__hover=&#8220;on&#8220; parallax_method_1__hover_enabled=&#8220;on&#8220; parallax_method_2__hover=&#8220;on&#8220; parallax_method_2__hover_enabled=&#8220;on&#8220; parallax_method_3__hover=&#8220;on&#8220; parallax_method_3__hover_enabled=&#8220;on&#8220; use_background_color_gradient__hover=&#8220;off&#8220; use_background_color_gradient__hover_enabled=&#8220;off&#8220; background_color_gradient_start__hover=&#8220;#2b87da&#8220; background_color_gradient_start__hover_enabled=&#8220;#2b87da&#8220; background_color_gradient_end__hover=&#8220;#29c4a9&#8243; background_color_gradient_end__hover_enabled=&#8220;#29c4a9&#8243; background_color_gradient_type__hover=&#8220;linear&#8220; background_color_gradient_type__hover_enabled=&#8220;linear&#8220; background_color_gradient_direction__hover=&#8220;180deg&#8220; background_color_gradient_direction__hover_enabled=&#8220;180deg&#8220; background_color_gradient_direction_radial__hover=&#8220;center&#8220; background_color_gradient_direction_radial__hover_enabled=&#8220;center&#8220; background_color_gradient_start_position__hover=&#8220;0%&#8220; background_color_gradient_start_position__hover_enabled=&#8220;0%&#8220; background_color_gradient_end_position__hover=&#8220;100%&#8220; background_color_gradient_end_position__hover_enabled=&#8220;100%&#8220; background_color_gradient_overlays_image__hover=&#8220;off&#8220; background_color_gradient_overlays_image__hover_enabled=&#8220;off&#8220; parallax__hover=&#8220;off&#8220; parallax__hover_enabled=&#8220;off&#8220; parallax_method__hover=&#8220;on&#8220; parallax_method__hover_enabled=&#8220;on&#8220; background_size__hover=&#8220;cover&#8220; background_size__hover_enabled=&#8220;cover&#8220; background_position__hover=&#8220;center&#8220; background_position__hover_enabled=&#8220;center&#8220; background_repeat__hover=&#8220;no-repeat&#8220; background_repeat__hover_enabled=&#8220;no-repeat&#8220; background_blend__hover=&#8220;normal&#8220; background_blend__hover_enabled=&#8220;normal&#8220; allow_player_pause__hover=&#8220;off&#8220; allow_player_pause__hover_enabled=&#8220;off&#8220; background_video_pause_outside_viewport__hover=&#8220;on&#8220; background_video_pause_outside_viewport__hover_enabled=&#8220;on&#8220; inner_shadow__hover=&#8220;off&#8220; inner_shadow__hover_enabled=&#8220;off&#8220; make_fullwidth__hover=&#8220;off&#8220; make_fullwidth__hover_enabled=&#8220;off&#8220; use_custom_width__hover=&#8220;off&#8220; use_custom_width__hover_enabled=&#8220;off&#8220; width_unit__hover=&#8220;on&#8220; width_unit__hover_enabled=&#8220;on&#8220; make_equal__hover=&#8220;off&#8220; make_equal__hover_enabled=&#8220;off&#8220; use_custom_gutter__hover=&#8220;off&#8220; use_custom_gutter__hover_enabled=&#8220;off&#8220; border_radii__hover=&#8220;on||||&#8220; border_radii__hover_enabled=&#8220;on||||&#8220; box_shadow_style__hover=&#8220;none&#8220; box_shadow_style__hover_enabled=&#8220;none&#8220; box_shadow_color__hover=&#8220;rgba(0,0,0,0.3)&#8220; box_shadow_color__hover_enabled=&#8220;rgba(0,0,0,0.3)&#8220; max_width__hover=&#8220;100%&#8220; max_width__hover_enabled=&#8220;100%&#8220; filter_hue_rotate__hover=&#8220;0deg&#8220; filter_hue_rotate__hover_enabled=&#8220;0deg&#8220; filter_saturate__hover=&#8220;100%&#8220; filter_saturate__hover_enabled=&#8220;100%&#8220; filter_brightness__hover=&#8220;100%&#8220; filter_brightness__hover_enabled=&#8220;100%&#8220; filter_contrast__hover=&#8220;100%&#8220; filter_contrast__hover_enabled=&#8220;100%&#8220; filter_invert__hover=&#8220;0%&#8220; filter_invert__hover_enabled=&#8220;0%&#8220; filter_sepia__hover=&#8220;0%&#8220; filter_sepia__hover_enabled=&#8220;0%&#8220; filter_opacity__hover=&#8220;100%&#8220; filter_opacity__hover_enabled=&#8220;100%&#8220; filter_blur__hover=&#8220;0px&#8220; filter_blur__hover_enabled=&#8220;0px&#8220; mix_blend_mode__hover=&#8220;normal&#8220; mix_blend_mode__hover_enabled=&#8220;normal&#8220; animation_style__hover=&#8220;none&#8220; animation_style__hover_enabled=&#8220;none&#8220; animation_repeat__hover=&#8220;once&#8220; animation_repeat__hover_enabled=&#8220;once&#8220; animation_direction__hover=&#8220;center&#8220; animation_direction__hover_enabled=&#8220;center&#8220; animation_duration__hover=&#8220;1000ms&#8220; animation_duration__hover_enabled=&#8220;1000ms&#8220; animation_delay__hover=&#8220;0ms&#8220; animation_delay__hover_enabled=&#8220;0ms&#8220; animation_intensity_slide__hover=&#8220;50%&#8220; animation_intensity_slide__hover_enabled=&#8220;50%&#8220; animation_intensity_zoom__hover=&#8220;50%&#8220; animation_intensity_zoom__hover_enabled=&#8220;50%&#8220; animation_intensity_flip__hover=&#8220;50%&#8220; animation_intensity_flip__hover_enabled=&#8220;50%&#8220; animation_intensity_fold__hover=&#8220;50%&#8220; animation_intensity_fold__hover_enabled=&#8220;50%&#8220; animation_intensity_roll__hover=&#8220;50%&#8220; animation_intensity_roll__hover_enabled=&#8220;50%&#8220; animation_starting_opacity__hover=&#8220;0%&#8220; animation_starting_opacity__hover_enabled=&#8220;0%&#8220; animation_speed_curve__hover=&#8220;ease-in-out&#8220; animation_speed_curve__hover_enabled=&#8220;ease-in-out&#8220; hover_transition_duration__hover=&#8220;300ms&#8220; hover_transition_duration__hover_enabled=&#8220;300ms&#8220; hover_transition_delay__hover=&#8220;0ms&#8220; hover_transition_delay__hover_enabled=&#8220;0ms&#8220; hover_transition_speed_curve__hover=&#8220;ease&#8220; hover_transition_speed_curve__hover_enabled=&#8220;ease&#8220; inner_max_width__hover=&#8220;1080px&#8220; inner_max_width__hover_enabled=&#8220;1080px&#8220;][et_pb_row custom_padding_last_edited=&#8220;on|phone&#8220; _builder_version=&#8220;3.25&#8243; background_color=&#8220;#ffffff&#8220; max_width=&#8220;1200px&#8220; custom_padding=&#8220;60px|80px|60px|80px|false|true&#8220; custom_padding_tablet=&#8220;&#8220; custom_padding_phone=&#8220;|30px||30px||true&#8220; box_shadow_style=&#8220;preset3&#8243; box_shadow_vertical=&#8220;40px&#8220; box_shadow_blur=&#8220;100px&#8220; box_shadow_spread=&#8220;-30px&#8220; box_shadow_color=&#8220;rgba(0,0,0,0.22)&#8220; use_custom_width=&#8220;on&#8220; custom_width_px=&#8220;1200px&#8220; global_colors_info=&#8220;{}&#8220;][et_pb_column type=&#8220;4_4&#8243; _builder_version=&#8220;3.25&#8243; custom_padding=&#8220;|||&#8220; global_colors_info=&#8220;{}&#8220; custom_padding__hover=&#8220;|||&#8220;][et_pb_post_slider bg_overlay_color=&#8220;rgba(14,113,98,0.55)&#8220; use_text_overlay=&#8220;off&#8220; _builder_version=&#8220;4.9.4&#8243; header_font=&#8220;Faustina|600|||||||&#8220; header_font_size=&#8220;26px&#8220; header_line_height=&#8220;1.2em&#8220; body_line_height=&#8220;2em&#8220; meta_font=&#8220;|600|||||||&#8220; meta_line_height=&#8220;3em&#8220; custom_button=&#8220;on&#8220; button_text_size=&#8220;14px&#8220; button_text_color=&#8220;#ffffff&#8220; button_bg_color=&#8220;#26c699&#8243; button_border_width=&#8220;8px&#8220; button_border_color=&#8220;rgba(0,0,0,0)&#8220; button_letter_spacing=&#8220;1px&#8220; button_font=&#8220;|700||on|||||&#8220; custom_margin=&#8220;|-100px|60px|-100px||true&#8220; custom_margin_tablet=&#8220;&#8220; custom_margin_phone=&#8220;|-50px||-50px||true&#8220; custom_margin_last_edited=&#8220;on|phone&#8220; header_font_size_tablet=&#8220;22px&#8220; header_font_size_phone=&#8220;18px&#8220; header_font_size_last_edited=&#8220;on|tablet&#8220; global_colors_info=&#8220;{}&#8220;][\/et_pb_post_slider][et_pb_blog fullwidth=&#8220;off&#8220; posts_number=&#8220;6&#8243; _builder_version=&#8220;3.17.2&#8243; header_level=&#8220;h3&#8243; header_font=&#8220;Faustina||||||||&#8220; header_text_color=&#8220;#0e7162&#8243; header_line_height=&#8220;1.4em&#8220; body_line_height=&#8220;2em&#8220; meta_text_color=&#8220;#26c699&#8243; meta_line_height=&#8220;2em&#8220; pagination_font=&#8220;Faustina|600|||||||&#8220; pagination_text_color=&#8220;#0e7162&#8243; pagination_font_size=&#8220;20px&#8220; pagination_line_height=&#8220;2em&#8220; border_width_all=&#8220;0px&#8220; box_shadow_style=&#8220;preset3&#8243; box_shadow_vertical=&#8220;40px&#8220; box_shadow_blur=&#8220;80px&#8220; box_shadow_spread=&#8220;-30px&#8220; box_shadow_color=&#8220;rgba(0,0,0,0.22)&#8220; locked=&#8220;off&#8220; global_colors_info=&#8220;{}&#8220;][\/et_pb_blog][\/et_pb_column][\/et_pb_row][\/et_pb_section][et_pb_section fb_built=&#8220;1&#8243; admin_label=&#8220;Footer&#8220; _builder_version=&#8220;3.22&#8243; background_color=&#8220;rgba(14,113,98,0.9)&#8220; use_background_color_gradient=&#8220;on&#8220; background_color_gradient_start=&#8220;#0e7162&#8243; background_color_gradient_end=&#8220;rgba(14,113,98,0.88)&#8220; background_color_gradient_overlays_image=&#8220;on&#8220; background_image=&#8220;https:\/\/cureclcn4.org\/wp-content\/uploads\/2020\/08\/charity-25.jpg&#8220; collapsed=&#8220;off&#8220; global_colors_info=&#8220;{}&#8220;][et_pb_row _builder_version=&#8220;3.25&#8243; global_colors_info=&#8220;{}&#8220;][et_pb_column type=&#8220;4_4&#8243; _builder_version=&#8220;3.25&#8243; custom_padding=&#8220;|||&#8220; global_colors_info=&#8220;{}&#8220; custom_padding__hover=&#8220;|||&#8220;][et_pb_text _builder_version=&#8220;4.5.8&#8243; text_font=&#8220;||||||||&#8220; text_line_height=&#8220;2em&#8220; ul_font=&#8220;||||||||&#8220; ol_font=&#8220;||||||||&#8220; header_font=&#8220;||||||||&#8220; header_2_font=&#8220;Faustina|600|||||||&#8220; header_2_font_size=&#8220;42px&#8220; header_2_line_height=&#8220;1.4em&#8220; header_3_font=&#8220;||||||||&#8220; header_4_font=&#8220;||||||||&#8220; header_5_font=&#8220;||||||||&#8220; header_6_font=&#8220;||||||||&#8220; text_orientation=&#8220;center&#8220; background_layout=&#8220;dark&#8220; max_width=&#8220;600px&#8220; module_alignment=&#8220;center&#8220; header_2_font_size_tablet=&#8220;32px&#8220; header_2_font_size_phone=&#8220;22px&#8220; header_2_font_size_last_edited=&#8220;on|desktop&#8220; locked=&#8220;off&#8220; global_colors_info=&#8220;{}&#8220;]<\/p>\n<h2>Nehmen Sie Kontakt auf. Engagieren Sie sich.<\/h2>\n<p>[\/et_pb_text][\/et_pb_column][\/et_pb_row][et_pb_row _builder_version=&#8220;3.25&#8243; background_color=&#8220;#ffffff&#8220; max_width=&#8220;850px&#8220; custom_padding=&#8220;60px|60px|60px|60px|true|true&#8220; animation_style=&#8220;slide&#8220; animation_direction=&#8220;top&#8220; animation_intensity_slide=&#8220;2%&#8220; box_shadow_style=&#8220;preset3&#8243; box_shadow_vertical=&#8220;40px&#8220; box_shadow_blur=&#8220;100px&#8220; box_shadow_spread=&#8220;-30px&#8220; box_shadow_color=&#8220;rgba(0,0,0,0.22)&#8220; use_custom_width=&#8220;on&#8220; custom_width_px=&#8220;850px&#8220; global_colors_info=&#8220;{}&#8220;][et_pb_column type=&#8220;4_4&#8243; _builder_version=&#8220;3.25&#8243; custom_padding=&#8220;|||&#8220; global_colors_info=&#8220;{}&#8220; custom_padding__hover=&#8220;|||&#8220;][et_pb_contact_form email=&#8220;info@cureclcn4.org&#8220; success_message=&#8220;Vielen Dank f\u00fcr die Kontaktaufnahme. Wir werden uns bald bei Ihnen melden.&#8220; module_id=&#8220;et_pb_contact_form_1&#8243; _builder_version=&#8220;4.5.8&#8243; form_field_background_color=&#8220;rgba(0,0,0,0)&#8220; form_field_font=&#8220;||||||||&#8220; custom_button=&#8220;on&#8220; button_text_size=&#8220;14px&#8220; button_text_color=&#8220;#ffffff&#8220; button_bg_color=&#8220;#26c699&#8243; button_border_width=&#8220;8px&#8220; button_border_color=&#8220;rgba(0,0,0,0)&#8220; button_letter_spacing=&#8220;1px&#8220; button_font=&#8220;|700||on|||||&#8220; border_radii=&#8220;on|3px|3px|3px|3px&#8220; border_width_all=&#8220;1px&#8220; border_color_all=&#8220;rgba(51,51,51,0.15)&#8220; form_background_color=&#8220;rgba(0,0,0,0)&#8220; global_colors_info=&#8220;{}&#8220;][et_pb_contact_field field_id=&#8220;Name&#8220; field_title=&#8220;Name&#8220; _builder_version=&#8220;3.16&#8243; global_colors_info=&#8220;{}&#8220; button_text_size__hover_enabled=&#8220;off&#8220; button_one_text_size__hover_enabled=&#8220;off&#8220; button_two_text_size__hover_enabled=&#8220;off&#8220; button_text_color__hover_enabled=&#8220;off&#8220; button_one_text_color__hover_enabled=&#8220;off&#8220; button_two_text_color__hover_enabled=&#8220;off&#8220; button_border_width__hover_enabled=&#8220;off&#8220; button_one_border_width__hover_enabled=&#8220;off&#8220; button_two_border_width__hover_enabled=&#8220;off&#8220; button_border_color__hover_enabled=&#8220;off&#8220; button_one_border_color__hover_enabled=&#8220;off&#8220; button_two_border_color__hover_enabled=&#8220;off&#8220; button_border_radius__hover_enabled=&#8220;off&#8220; button_one_border_radius__hover_enabled=&#8220;off&#8220; button_two_border_radius__hover_enabled=&#8220;off&#8220; button_letter_spacing__hover_enabled=&#8220;off&#8220; button_one_letter_spacing__hover_enabled=&#8220;off&#8220; button_two_letter_spacing__hover_enabled=&#8220;off&#8220; button_bg_color__hover_enabled=&#8220;off&#8220; button_one_bg_color__hover_enabled=&#8220;off&#8220; button_two_bg_color__hover_enabled=&#8220;off&#8220;][\/et_pb_contact_field][et_pb_contact_field field_id=&#8220;Email&#8220; field_title=&#8220;E-Mail Adresse&#8220; field_type=&#8220;email&#8220; _builder_version=&#8220;3.16&#8243; global_colors_info=&#8220;{}&#8220; button_text_size__hover_enabled=&#8220;off&#8220; button_one_text_size__hover_enabled=&#8220;off&#8220; button_two_text_size__hover_enabled=&#8220;off&#8220; button_text_color__hover_enabled=&#8220;off&#8220; button_one_text_color__hover_enabled=&#8220;off&#8220; button_two_text_color__hover_enabled=&#8220;off&#8220; button_border_width__hover_enabled=&#8220;off&#8220; button_one_border_width__hover_enabled=&#8220;off&#8220; button_two_border_width__hover_enabled=&#8220;off&#8220; button_border_color__hover_enabled=&#8220;off&#8220; button_one_border_color__hover_enabled=&#8220;off&#8220; button_two_border_color__hover_enabled=&#8220;off&#8220; button_border_radius__hover_enabled=&#8220;off&#8220; button_one_border_radius__hover_enabled=&#8220;off&#8220; button_two_border_radius__hover_enabled=&#8220;off&#8220; button_letter_spacing__hover_enabled=&#8220;off&#8220; button_one_letter_spacing__hover_enabled=&#8220;off&#8220; button_two_letter_spacing__hover_enabled=&#8220;off&#8220; button_bg_color__hover_enabled=&#8220;off&#8220; button_one_bg_color__hover_enabled=&#8220;off&#8220; button_two_bg_color__hover_enabled=&#8220;off&#8220;][\/et_pb_contact_field][et_pb_contact_field field_id=&#8220;Message&#8220; field_title=&#8220;Nachricht&#8220; field_type=&#8220;text&#8220; fullwidth_field=&#8220;on&#8220; _builder_version=&#8220;3.16&#8243; global_colors_info=&#8220;{}&#8220; button_text_size__hover_enabled=&#8220;off&#8220; button_one_text_size__hover_enabled=&#8220;off&#8220; button_two_text_size__hover_enabled=&#8220;off&#8220; button_text_color__hover_enabled=&#8220;off&#8220; button_one_text_color__hover_enabled=&#8220;off&#8220; button_two_text_color__hover_enabled=&#8220;off&#8220; button_border_width__hover_enabled=&#8220;off&#8220; button_one_border_width__hover_enabled=&#8220;off&#8220; button_two_border_width__hover_enabled=&#8220;off&#8220; button_border_color__hover_enabled=&#8220;off&#8220; button_one_border_color__hover_enabled=&#8220;off&#8220; button_two_border_color__hover_enabled=&#8220;off&#8220; button_border_radius__hover_enabled=&#8220;off&#8220; button_one_border_radius__hover_enabled=&#8220;off&#8220; button_two_border_radius__hover_enabled=&#8220;off&#8220; button_letter_spacing__hover_enabled=&#8220;off&#8220; button_one_letter_spacing__hover_enabled=&#8220;off&#8220; button_two_letter_spacing__hover_enabled=&#8220;off&#8220; button_bg_color__hover_enabled=&#8220;off&#8220; button_one_bg_color__hover_enabled=&#8220;off&#8220; button_two_bg_color__hover_enabled=&#8220;off&#8220;][\/et_pb_contact_field][et_pb_contact_field field_id=&#8220;How_did_you_hear_about_us?&#8220; field_title=&#8220;Wie haben Sie von uns erfahren?&#8220; fullwidth_field=&#8220;on&#8220; _builder_version=&#8220;4.5.8&#8243; _module_preset=&#8220;default&#8220; global_colors_info=&#8220;{}&#8220;][\/et_pb_contact_field][\/et_pb_contact_form][\/et_pb_column][\/et_pb_row][et_pb_row _builder_version=&#8220;3.25&#8243; global_colors_info=&#8220;{}&#8220;][et_pb_column type=&#8220;4_4&#8243; _builder_version=&#8220;3.25&#8243; custom_padding=&#8220;|||&#8220; global_colors_info=&#8220;{}&#8220; custom_padding__hover=&#8220;|||&#8220;][et_pb_social_media_follow _builder_version=&#8220;4.5.8&#8243; text_orientation=&#8220;center&#8220; custom_margin=&#8220;|||||true&#8220; border_radii=&#8220;on|40px|40px|40px|40px&#8220; locked=&#8220;off&#8220; global_colors_info=&#8220;{}&#8220;][et_pb_social_media_follow_network social_network=&#8220;facebook&#8220; url=&#8220;https:\/\/www.facebook.com\/groups\/272975780022928\/?ref=share&#8220; _builder_version=&#8220;4.5.8&#8243; background_color=&#8220;rgba(255,255,255,0.2)&#8220; custom_margin=&#8220;|6px||6px||true&#8220; custom_padding=&#8220;8px|8px|8px|8px|true|true&#8220; global_colors_info=&#8220;{}&#8220; follow_button=&#8220;off&#8220; url_new_window=&#8220;on&#8220;]facebook[\/et_pb_social_media_follow_network][et_pb_social_media_follow_network social_network=&#8220;linkedin&#8220; url=&#8220;https:\/\/uk.linkedin.com\/company\/cure-clcn4?trk=public_profile_experience-item_result-card_image-click&#8220; _builder_version=&#8220;4.5.8&#8243; _module_preset=&#8220;default&#8220; background_color=&#8220;rgba(255,255,255,0.2)&#8220; custom_margin=&#8220;|6px||6px|false|false&#8220; custom_padding=&#8220;8px|8px|8px|8px|false|false&#8220; global_colors_info=&#8220;{}&#8220; follow_button=&#8220;off&#8220; url_new_window=&#8220;on&#8220;]linkedin[\/et_pb_social_media_follow_network][\/et_pb_social_media_follow][\/et_pb_column][\/et_pb_row][\/et_pb_section]<\/p>\n","protected":false},"excerpt":{"rendered":"<p>Erhalten Sie die neuesten Nachrichten und Updates \u00fcber bevorstehende Veranstaltungen der Stiftung Cure CLCN4<\/p>\n","protected":false},"author":1,"featured_media":0,"parent":0,"menu_order":0,"comment_status":"closed","ping_status":"closed","template":"","meta":{"_et_pb_use_builder":"on","_et_pb_old_content":"","_et_gb_content_width":"","footnotes":""},"class_list":["post-3284","page","type-page","status-publish","hentry"],"_links":{"self":[{"href":"https:\/\/cureclcn4.org\/de\/wp-json\/wp\/v2\/pages\/3284","targetHints":{"allow":["GET"]}}],"collection":[{"href":"https:\/\/cureclcn4.org\/de\/wp-json\/wp\/v2\/pages"}],"about":[{"href":"https:\/\/cureclcn4.org\/de\/wp-json\/wp\/v2\/types\/page"}],"author":[{"embeddable":true,"href":"https:\/\/cureclcn4.org\/de\/wp-json\/wp\/v2\/users\/1"}],"replies":[{"embeddable":true,"href":"https:\/\/cureclcn4.org\/de\/wp-json\/wp\/v2\/comments?post=3284"}],"version-history":[{"count":5,"href":"https:\/\/cureclcn4.org\/de\/wp-json\/wp\/v2\/pages\/3284\/revisions"}],"predecessor-version":[{"id":3289,"href":"https:\/\/cureclcn4.org\/de\/wp-json\/wp\/v2\/pages\/3284\/revisions\/3289"}],"wp:attachment":[{"href":"https:\/\/cureclcn4.org\/de\/wp-json\/wp\/v2\/media?parent=3284"}],"curies":[{"name":"wp","href":"https:\/\/api.w.org\/{rel}","templated":true}]}}